{"id":2,"date":"2011-05-13T15:48:01","date_gmt":"2011-05-13T15:48:01","guid":{"rendered":"http:\/\/jkgrp.de\/?page_id=2"},"modified":"2015-10-03T07:55:58","modified_gmt":"2015-10-03T05:55:58","slug":"beispiel-seite","status":"publish","type":"page","link":"https:\/\/www.jkgrp.de\/?page_id=2","title":{"rendered":"\u00dcber uns"},"content":{"rendered":"<p>J\u00fcdische Kultusgemeinde der Rheinpfalz ist die Rechtsnachfolgerin aller J\u00fcdischen Gemeinden im Verwaltungsbezirk Pfalz.<\/p>\n<p>Die Gemeinde ist f\u00fcr jeden offen: f\u00fcr Juden, um ihr religi\u00f6ses und kulturelles Erbe auszuleben und f\u00fcr nicht-Juden f\u00fcr Information, Aufkl\u00e4rung und Veranstaltungen, die f\u00fcr mehr Verst\u00e4ndnis, interkulturelles Dialog und Toleranz sorgen.<\/p>\n<p>Lesen Sie weiter \u00fcber<br \/>\n&#8211; <a href=\"http:\/\/www.jkgrp.de\/?p=71662&amp;preview=true\">Vorstand<\/a><br \/>\n&#8211; <a href=\"http:\/\/www.jkgrp.de\/?cat=25\">Administration und Gesch\u00e4ftsf\u00fchrer<\/a><br \/>\n&#8211; <a href=\"http:\/\/www.jkgrp.de\/?page_id=5\">Adressen und \u00d6ffnungszeiten<\/a><br \/>\n&#8211; <a href=\"http:\/\/www.jkgrp.de\/?page_id=361\">Unsere Satzung<\/a><\/p>\n","protected":false},"excerpt":{"rendered":"<p>J\u00fcdische Kultusgemeinde der Rheinpfalz ist die Rechtsnachfolgerin aller J\u00fcdischen Gemeinden im Verwaltungsbezirk Pfalz. Die Gemeinde ist f\u00fcr jeden offen: f\u00fcr Juden, um ihr religi\u00f6ses und kulturelles Erbe auszuleben und f\u00fcr nicht-Juden f\u00fcr Information, Aufkl\u00e4rung und Veranstaltungen, die f\u00fcr mehr Verst\u00e4ndnis, interkulturelles Dialog und Toleranz sorgen. Lesen Sie weiter \u00fcber &#8211; Vorstand &#8211; Administration und Gesch\u00e4ftsf\u00fchrer&#8230;<\/p>\n","protected":false},"author":1,"featured_media":0,"parent":0,"menu_order":0,"comment_status":"closed","ping_status":"closed","template":"page-nosidebar.php","meta":{"footnotes":""},"class_list":["post-2","page","type-page","status-publish","hentry"],"_links":{"self":[{"href":"https:\/\/www.jkgrp.de\/index.php?rest_route=\/wp\/v2\/pages\/2","targetHints":{"allow":["GET"]}}],"collection":[{"href":"https:\/\/www.jkgrp.de\/index.php?rest_route=\/wp\/v2\/pages"}],"about":[{"href":"https:\/\/www.jkgrp.de\/index.php?rest_route=\/wp\/v2\/types\/page"}],"author":[{"embeddable":true,"href":"https:\/\/www.jkgrp.de\/index.php?rest_route=\/wp\/v2\/users\/1"}],"replies":[{"embeddable":true,"href":"https:\/\/www.jkgrp.de\/index.php?rest_route=%2Fwp%2Fv2%2Fcomments&post=2"}],"version-history":[{"count":13,"href":"https:\/\/www.jkgrp.de\/index.php?rest_route=\/wp\/v2\/pages\/2\/revisions"}],"predecessor-version":[{"id":71664,"href":"https:\/\/www.jkgrp.de\/index.php?rest_route=\/wp\/v2\/pages\/2\/revisions\/71664"}],"wp:attachment":[{"href":"https:\/\/www.jkgrp.de\/index.php?rest_route=%2Fwp%2Fv2%2Fmedia&parent=2"}],"curies":[{"name":"wp","href":"https:\/\/api.w.org\/{rel}","templated":true}]}}