{"id":15,"date":"2011-05-13T18:33:29","date_gmt":"2011-05-13T16:33:29","guid":{"rendered":"http:\/\/jkgrp.de\/?page_id=15"},"modified":"2012-11-29T16:50:34","modified_gmt":"2012-11-29T14:50:34","slug":"kontakt","status":"publish","type":"page","link":"https:\/\/www.jkgrp.de\/?page_id=15","title":{"rendered":"Nachrichten \u00fcber Juden in der Pfalz"},"content":{"rendered":"<span style=\"color: #000000; font-weight: bold;margin: 0 0 0.8125em;\">Earlier<\/span><div class=\"rss-output\" style=\"float:\"><div class=\"title\"><span style=\"font-size:16px; font-weight:400;\"><a class=\"colorbox\" href=\"https:\/\/news.google.com\/rss\/articles\/CBMiiAFBVV95cUxNd3hTZHZnMVRac1IxNjE4RVc1MEMyb0EwZlUweVBNWTZ0NU5YZEhVNDB3TVZaYzVuWm1DMWd1ZDV2U2NRMzczczktdlp4TVZWM25TOXBtSnhVdlJVdXZ6VHVHSzZPbGxfVmJLRndMTlZ6cm9XZkV4SFZBc19Ienk4dWNjbGNPeXc1?oc=5\"  style=\"color:\">J\u00fcdischer Wahlk\u00e4mpfer in Rheinland-Pfalz: Sorgen um AfD - J\u00fcdische Allgemeine<\/a><\/span><\/div><div class=\"body\">J\u00fcdischer Wahlk\u00e4mpfer in Rheinland-Pfalz: Sorgen um AfD  J\u00fcdische Allgemeine <a href=\"https:\/\/news.google.com\/rss\/articles\/CBMiiAFBVV95cUxNd3hTZHZnMVRac1IxNjE4RVc1MEMyb0EwZlUweVBNWTZ0NU5YZEhVNDB3TVZaYzVuWm1DMWd1ZDV2U2NRMzczczktdlp4TVZWM25TOXBtSnhVdlJVdXZ6VHVHSzZPbGxfVmJLRndMTlZ6cm9XZkV4SFZBc19Ienk4dWNjbGNPeXc1?oc=5\" class=\"colorbox\" >[...]<\/a><\/div><span class=\"date\" style=\"font-style:italic;\">Fr., M\u00e4rz 27, 2026<\/span><br \/><span class=\"source\" style=\"font-style:italic;\">Source: Juden in der Pfalz<\/span><\/div><div class=\"rss-output\" style=\"float:\"><div class=\"title\"><span style=\"font-size:16px; font-weight:400;\"><a class=\"colorbox\" href=\"https:\/\/news.google.com\/rss\/articles\/CBMiiAFBVV95cUxNd3hTZHZnMVRac1IxNjE4RVc1MEMyb0EwZlUweVBNWTZ0NU5YZEhVNDB3TVZaYzVuWm1DMWd1ZDV2U2NRMzczczktdlp4TVZWM25TOXBtSnhVdlJVdXZ6VHVHSzZPbGxfVmJLRndMTlZ6cm9XZkV4SFZBc19Ienk4dWNjbGNPeXc1?oc=5\"  style=\"color:\">J\u00fcdischer Wahlk\u00e4mpfer in Rheinland-Pfalz: Sorgen um AfD - J\u00fcdische Allgemeine<\/a><\/span><\/div><div class=\"body\">J\u00fcdischer Wahlk\u00e4mpfer in Rheinland-Pfalz: Sorgen um AfD  J\u00fcdische Allgemeine <a href=\"https:\/\/news.google.com\/rss\/articles\/CBMiiAFBVV95cUxNd3hTZHZnMVRac1IxNjE4RVc1MEMyb0EwZlUweVBNWTZ0NU5YZEhVNDB3TVZaYzVuWm1DMWd1ZDV2U2NRMzczczktdlp4TVZWM25TOXBtSnhVdlJVdXZ6VHVHSzZPbGxfVmJLRndMTlZ6cm9XZkV4SFZBc19Ienk4dWNjbGNPeXc1?oc=5\" class=\"colorbox\" >[...]<\/a><\/div><span class=\"date\" style=\"font-style:italic;\">Fr., M\u00e4rz 27, 2026<\/span><br \/><span class=\"source\" style=\"font-style:italic;\">Source: J\u00fcdisch<\/span><\/div><div class=\"rss-output\" style=\"float:\"><div class=\"title\"><span style=\"font-size:16px; font-weight:400;\"><a class=\"colorbox\" href=\"https:\/\/news.google.com\/rss\/articles\/CBMi0wFBVV95cUxObmpfZVExX1c3dzlfc3pMLVZyRlRPb05Gbk5FM0xjVzNNS3FfdDBNVk1qNlFCQUlTeGU1NHpwcDhEMV9sbG44STNOR3pJeXRvMnFvYUgtOC1OSlR0ZXR5Y0t6SDVzbWhFMmF5cENUc1MzNjZCUGxlZ3VCeVZsdXNVWDg1ZWluZmczai00Sm52WTJmNUQ4TmpienFyOWpoYUdsM0FSdUZEN1B5cS1rMnhHb2diYUNHRHRRQy1CZjFNWWlXOC1VdXdyZGtYQXFJNHF4NzRV?oc=5\"  style=\"color:\">Rheinland-Pfalz &amp; Saarland: Sanierung unter Hauben auf Altem J\u00fcdischen Friedhof in Mainz - NTV<\/a><\/span><\/div><div class=\"body\">Rheinland-Pfalz & Saarland: Sanierung unter Hauben auf Altem J\u00fcdischen Friedhof in Mainz  NTV <a href=\"https:\/\/news.google.com\/rss\/articles\/CBMi0wFBVV95cUxObmpfZVExX1c3dzlfc3pMLVZyRlRPb05Gbk5FM0xjVzNNS3FfdDBNVk1qNlFCQUlTeGU1NHpwcDhEMV9sbG44STNOR3pJeXRvMnFvYUgtOC1OSlR0ZXR5Y0t6SDVzbWhFMmF5cENUc1MzNjZCUGxlZ3VCeVZsdXNVWDg1ZWluZmczai00Sm52WTJmNUQ4TmpienFyOWpoYUdsM0FSdUZEN1B5cS1rMnhHb2diYUNHRHRRQy1CZjFNWWlXOC1VdXdyZGtYQXFJNHF4NzRV?oc=5\" class=\"colorbox\" >[...]<\/a><\/div><span class=\"date\" style=\"font-style:italic;\">Fr., M\u00e4rz 27, 2026<\/span><br \/><span class=\"source\" style=\"font-style:italic;\">Source: J\u00fcdisch<\/span><\/div><div class=\"rss-output\" style=\"float:\"><div class=\"title\"><span style=\"font-size:16px; font-weight:400;\"><a class=\"colorbox\" href=\"https:\/\/news.google.com\/rss\/articles\/CBMilwFBVV95cUxPdWI1RlRNYmdtZjFVNFhTRHZpY0p5Y1RkdVlTdnFpU1ptNlNUWHpaLXZDSG82MGN5b0lmazBicWtQVjlJUUgtVFlkRXJUb1Eya3AwUXFOT2ZmYy12cjRqN29xOE5Fd19ydWNFa2pjbVg3eG1rdUZfQ1lOVFhYMXFlNWJLMjVkckNZOWZ1X0ZQelExS1N3RE5V?oc=5\"  style=\"color:\">Rheinland-Pfalz: Ein Wahlergebnis, das beunruhigt - J\u00fcdische Allgemeine<\/a><\/span><\/div><div class=\"body\">Rheinland-Pfalz: Ein Wahlergebnis, das beunruhigt  J\u00fcdische Allgemeine <a href=\"https:\/\/news.google.com\/rss\/articles\/CBMilwFBVV95cUxPdWI1RlRNYmdtZjFVNFhTRHZpY0p5Y1RkdVlTdnFpU1ptNlNUWHpaLXZDSG82MGN5b0lmazBicWtQVjlJUUgtVFlkRXJUb1Eya3AwUXFOT2ZmYy12cjRqN29xOE5Fd19ydWNFa2pjbVg3eG1rdUZfQ1lOVFhYMXFlNWJLMjVkckNZOWZ1X0ZQelExS1N3RE5V?oc=5\" class=\"colorbox\" >[...]<\/a><\/div><span class=\"date\" style=\"font-style:italic;\">Mi., M\u00e4rz 25, 2026<\/span><br \/><span class=\"source\" style=\"font-style:italic;\">Source: J\u00fcdisch<\/span><\/div><div class=\"rss-output\" style=\"float:\"><div class=\"title\"><span style=\"font-size:16px; font-weight:400;\"><a class=\"colorbox\" href=\"https:\/\/news.google.com\/rss\/articles\/CBMiswFBVV95cUxNVG0wUFZ1c2NMUzZyVDVETVBrNTNFaVVUZnlFWFZVaWxVdDg2VFVCS2lzOWZyaHBnbHM3VkhpY3RmNVhMRlJFYlJTZXJobmJmVkc4clQ2aUNuYWMzQTA3VVY3dTZ2dC1RdmlWS3c3amphMGZUVlppNXNJemJXNEE3d256QUNOOE9LZnRnM2dLZUttUk5jVXlfMDhod2Z2Xy1EYXdPeEl2YnR3QWxxY0wwQ25ncw?oc=5\"  style=\"color:\">Nach Krieg gegen Iran: Wie sicher sind US-Basen in Rheinland-Pfalz? - SWR<\/a><\/span><\/div><div class=\"body\">Nach Krieg gegen Iran: Wie sicher sind US-Basen in Rheinland-Pfalz?  SWR <a href=\"https:\/\/news.google.com\/rss\/articles\/CBMiswFBVV95cUxNVG0wUFZ1c2NMUzZyVDVETVBrNTNFaVVUZnlFWFZVaWxVdDg2VFVCS2lzOWZyaHBnbHM3VkhpY3RmNVhMRlJFYlJTZXJobmJmVkc4clQ2aUNuYWMzQTA3VVY3dTZ2dC1RdmlWS3c3amphMGZUVlppNXNJemJXNEE3d256QUNOOE9LZnRnM2dLZUttUk5jVXlfMDhod2Z2Xy1EYXdPeEl2YnR3QWxxY0wwQ25ncw?oc=5\" class=\"colorbox\" >[...]<\/a><\/div><span class=\"date\" style=\"font-style:italic;\">So., M\u00e4rz 01, 2026<\/span><br \/><span class=\"source\" style=\"font-style:italic;\">Source: J\u00fcdisch<\/span><\/div><div class=\"rss-output\" style=\"float:\"><div class=\"title\"><span style=\"font-size:16px; font-weight:400;\"><a class=\"colorbox\" href=\"https:\/\/news.google.com\/rss\/articles\/CBMi1AFBVV95cUxPOTJQS0YtSWlXZkpJVDJSQ0N3cUtLMVBYUlJ5QURqS0ZJamI2dTU0bWpzSE91MVdGMEo4blBiZmJiQlVGd3dRSTBxekRHQ09yUndMd0F4d25wODRwaVYtaklvN09lOWNKTDA2OFA5T3JmQm9SVVVtMGZmTGc1QnYzZUw3cmRaNnd2Qng5V29pYXkwZ0JPbkxxTUt4TTJNc2pnM0RNeU9vbmtYNV9CdktOSnNLVHhvUGlVZDlKVGthRnVzZHFYNUJJeEZlMG1VS0N4eUg2dw?oc=5\"  style=\"color:\">Juden in Mainz und Rheinland-Pfalz: Landesmuseum erz\u00e4hlt ihre Geschichte - FAZ<\/a><\/span><\/div><div class=\"body\">Juden in Mainz und Rheinland-Pfalz: Landesmuseum erz\u00e4hlt ihre Geschichte  FAZ <a href=\"https:\/\/news.google.com\/rss\/articles\/CBMi1AFBVV95cUxPOTJQS0YtSWlXZkpJVDJSQ0N3cUtLMVBYUlJ5QURqS0ZJamI2dTU0bWpzSE91MVdGMEo4blBiZmJiQlVGd3dRSTBxekRHQ09yUndMd0F4d25wODRwaVYtaklvN09lOWNKTDA2OFA5T3JmQm9SVVVtMGZmTGc1QnYzZUw3cmRaNnd2Qng5V29pYXkwZ0JPbkxxTUt4TTJNc2pnM0RNeU9vbmtYNV9CdktOSnNLVHhvUGlVZDlKVGthRnVzZHFYNUJJeEZlMG1VS0N4eUg2dw?oc=5\" class=\"colorbox\" >[...]<\/a><\/div><span class=\"date\" style=\"font-style:italic;\">Sa., Feb. 14, 2026<\/span><br \/><span class=\"source\" style=\"font-style:italic;\">Source: Juden in der Pfalz<\/span><\/div><div class=\"rss-output\" style=\"float:\"><div class=\"title\"><span style=\"font-size:16px; font-weight:400;\"><a class=\"colorbox\" href=\"https:\/\/news.google.com\/rss\/articles\/CBMi1gFBVV95cUxOYTRfTmdRd2ZPX2VQdkZIOGpnNDB0QWtRWjR4c1NuUGotQ09lZTYybU8tYndjT3g0UTVkMWJORkd4UXhybFpMWF9nZjBkTTY4RkpDRmZPTUlCdjhOUktwSWxBcnhvek1MVWNCVWhTeWVQNEtvbGpwLTNVcHNneFhDYlF4elJfckxvei1ObC1ZNmZUbndSUHlIeHBWQWVzeGMwOHZiQzA4Z0lKaWRtZ0hFcE5YRVpWQVNNcUcwdmp2ZW1oOFpBQnIzd0g2ckNKTGFfSXUzVVFn?oc=5\"  style=\"color:\">So stark waren Juden ins gesellschaftliche Leben integriert - Friedelsheim\/G\u00f6nnheim - Die Rheinpfalz<\/a><\/span><\/div><div class=\"body\">So stark waren Juden ins gesellschaftliche Leben integriert - Friedelsheim\/G\u00f6nnheim  Die Rheinpfalz <a href=\"https:\/\/news.google.com\/rss\/articles\/CBMi1gFBVV95cUxOYTRfTmdRd2ZPX2VQdkZIOGpnNDB0QWtRWjR4c1NuUGotQ09lZTYybU8tYndjT3g0UTVkMWJORkd4UXhybFpMWF9nZjBkTTY4RkpDRmZPTUlCdjhOUktwSWxBcnhvek1MVWNCVWhTeWVQNEtvbGpwLTNVcHNneFhDYlF4elJfckxvei1ObC1ZNmZUbndSUHlIeHBWQWVzeGMwOHZiQzA4Z0lKaWRtZ0hFcE5YRVpWQVNNcUcwdmp2ZW1oOFpBQnIzd0g2ckNKTGFfSXUzVVFn?oc=5\" class=\"colorbox\" >[...]<\/a><\/div><span class=\"date\" style=\"font-style:italic;\">Mo., Feb. 02, 2026<\/span><br \/><span class=\"source\" style=\"font-style:italic;\">Source: Juden in der Pfalz<\/span><\/div><div class=\"rss-output\" style=\"float:\"><div class=\"title\"><span style=\"font-size:16px; font-weight:400;\"><a class=\"colorbox\" href=\"https:\/\/news.google.com\/rss\/articles\/CBMiugFBVV95cUxOeExhRE1VTDl1R05FWkVCdG9HNzFlcGNSTGlTblhNdFNadWhFLXl4S2FoWVRIRzl6ZElOVjNXN1AyN3JzU1R1Mm51cGZFcnBiWWN2dHliM0d6YWJvdzdHbnlQVk01UlFwWkZTRS1qMDVvMXhtOVJ2aXhJY2gweEpYOXpvMzJGN2EzMUhyMVJhZGtwbGtvcDdNanV1b002Smp0ejZia2VmNWd3aVNXcUg1ZzJ4aFd5V3F3aHc?oc=5\"  style=\"color:\">Auch Juden brachten Weltkultur nach Rheinland-Pfalz - Allgemeine Zeitung<\/a><\/span><\/div><div class=\"body\">Auch Juden brachten Weltkultur nach Rheinland-Pfalz  Allgemeine Zeitung <a href=\"https:\/\/news.google.com\/rss\/articles\/CBMiugFBVV95cUxOeExhRE1VTDl1R05FWkVCdG9HNzFlcGNSTGlTblhNdFNadWhFLXl4S2FoWVRIRzl6ZElOVjNXN1AyN3JzU1R1Mm51cGZFcnBiWWN2dHliM0d6YWJvdzdHbnlQVk01UlFwWkZTRS1qMDVvMXhtOVJ2aXhJY2gweEpYOXpvMzJGN2EzMUhyMVJhZGtwbGtvcDdNanV1b002Smp0ejZia2VmNWd3aVNXcUg1ZzJ4aFd5V3F3aHc?oc=5\" class=\"colorbox\" >[...]<\/a><\/div><span class=\"date\" style=\"font-style:italic;\">Mi., Jan. 14, 2026<\/span><br \/><span class=\"source\" style=\"font-style:italic;\">Source: Juden in der Pfalz<\/span><\/div>\n<p>\u00c4ltere Mitteilungen \u00fcber unsere Gemeinde:<br \/>\n<a target=\"_neu\" href='http:\/\/www.jkgrp.de\/wp-content\/uploads\/2011\/05\/JuedischeFriedhoefeAlsGeschichteBewahren.pdf'>Juedische Friedhoefe Als Geschichte Bewahren<\/a><\/p>\n<p><a target=\"_neu\" href='http:\/\/www.jkgrp.de\/wp-content\/uploads\/2011\/05\/Neustadt-FastEinSchlagabtausch.pdf'>Neustadt-Fast Ein Schlagabtausch<\/a><\/p>\n<p><a target=\"_neu\" href='http:\/\/www.jkgrp.de\/wp-content\/uploads\/2011\/05\/HoffenAufEinSuessesJahr.pdf'>Hoffen Auf Ein Suesses Jahr<\/a><\/p>\n<p><a target=\"_neu\"  href='http:\/\/www.jkgrp.de\/wp-content\/uploads\/2011\/05\/2000EuroBelohnungAngesetzt.pdf'>2000 Euro Belohnung Angesetzt<\/a><\/p>\n<p><a target=\"_neu\" href='http:\/\/www.jkgrp.de\/wp-content\/uploads\/2011\/05\/JuedischeGemeindeEntruestetUndSprachlos.pdf'>Juedische Gemeinde Entruestet Und Sprachlos<\/a><\/p>\n<p><a target=\"_neu\"  href='http:\/\/www.jkgrp.de\/wp-content\/uploads\/2011\/05\/StrebenNachVerst\u00e4ndnisUndToleranz.pdf'>Streben Nach Verst\u00e4ndnis Und Toleranz<\/a><\/p>\n<p><a target=\"_neu\" href='http:\/\/www.jkgrp.de\/wp-content\/uploads\/2011\/05\/ErinnernGrossGeschrieben.pdf'>Erinnern Gross Geschrieben<\/a><\/p>\n","protected":false},"excerpt":{"rendered":"<p>\u00c4ltere Mitteilungen \u00fcber unsere Gemeinde: Juedische Friedhoefe Als Geschichte Bewahren Neustadt-Fast Ein Schlagabtausch Hoffen Auf Ein Suesses Jahr 2000 Euro Belohnung Angesetzt Juedische Gemeinde Entruestet Und Sprachlos Streben Nach Verst\u00e4ndnis Und Toleranz Erinnern Gross Geschrieben<\/p>\n","protected":false},"author":1,"featured_media":0,"parent":13,"menu_order":0,"comment_status":"closed","ping_status":"closed","template":"page-nosidebar.php","meta":{"footnotes":""},"class_list":["post-15","page","type-page","status-publish","hentry"],"_links":{"self":[{"href":"https:\/\/www.jkgrp.de\/index.php?rest_route=\/wp\/v2\/pages\/15","targetHints":{"allow":["GET"]}}],"collection":[{"href":"https:\/\/www.jkgrp.de\/index.php?rest_route=\/wp\/v2\/pages"}],"about":[{"href":"https:\/\/www.jkgrp.de\/index.php?rest_route=\/wp\/v2\/types\/page"}],"author":[{"embeddable":true,"href":"https:\/\/www.jkgrp.de\/index.php?rest_route=\/wp\/v2\/users\/1"}],"replies":[{"embeddable":true,"href":"https:\/\/www.jkgrp.de\/index.php?rest_route=%2Fwp%2Fv2%2Fcomments&post=15"}],"version-history":[{"count":13,"href":"https:\/\/www.jkgrp.de\/index.php?rest_route=\/wp\/v2\/pages\/15\/revisions"}],"predecessor-version":[{"id":720,"href":"https:\/\/www.jkgrp.de\/index.php?rest_route=\/wp\/v2\/pages\/15\/revisions\/720"}],"up":[{"embeddable":true,"href":"https:\/\/www.jkgrp.de\/index.php?rest_route=\/wp\/v2\/pages\/13"}],"wp:attachment":[{"href":"https:\/\/www.jkgrp.de\/index.php?rest_route=%2Fwp%2Fv2%2Fmedia&parent=15"}],"curies":[{"name":"wp","href":"https:\/\/api.w.org\/{rel}","templated":true}]}}