{"id":138,"date":"2011-05-13T19:18:01","date_gmt":"2011-05-13T17:18:01","guid":{"rendered":"http:\/\/jkgrp.de\/?page_id=138"},"modified":"2024-04-11T20:51:37","modified_gmt":"2024-04-11T18:51:37","slug":"sozialarbeit-2","status":"publish","type":"page","link":"https:\/\/www.jkgrp.de\/?page_id=138","title":{"rendered":"Sozialarbeit"},"content":{"rendered":"<h2>Aufgabenbereich der Sozialabteilung der J\u00fcdischen Gemeinde Rheinpfalz<\/h2>\n<table>\n<tbody>\n<tr>\n<th>Leistung<\/th>\n<th>Beschreibung<\/th>\n<\/tr>\n<tr>\n<td style=\"text-align: left;\"><strong>Beratung<\/strong><\/td>\n<td style=\"text-align: left;\">Beantragung von Transferleistungen (ALG, ALG2, GruSi, Pflegegeld, Blindengeld etc.)<\/td>\n<\/tr>\n<tr class=\"even\">\n<td><\/td>\n<td style=\"text-align: left;\">Hilfen bei Widerspr\u00fcchen in Leistungsangelegenheiten<\/td>\n<\/tr>\n<tr>\n<td><\/td>\n<td style=\"text-align: left;\">Hilfen bei Forderungen durch Vermieter, ARGE, Stadtwerke etc.<\/td>\n<\/tr>\n<tr class=\"even\">\n<td><\/td>\n<td style=\"text-align: left;\">Hilfen bei Vertragsabschl\u00fcssen, Reklamationen, betr\u00fcgerischer Werbung etc.<\/td>\n<\/tr>\n<tr>\n<td><\/td>\n<td style=\"text-align: left;\">Schuldnerberatung ggf. Weiterleitung an andere Institutionen<\/td>\n<\/tr>\n<tr>\n<td><\/td>\n<td style=\"text-align: left;\">Organisation von Pflegediensten und Heimunterbringung<\/td>\n<\/tr>\n<tr>\n<td><\/td>\n<td style=\"text-align: left;\">Allg. Sozialberatung bei Scheidung, Unterhalt etc. Weitervermittlung an andere Institutionen<\/td>\n<\/tr>\n<tr>\n<td style=\"text-align: left;\"><strong>Betreuung<\/strong><\/td>\n<td style=\"text-align: left;\">Empfang, Unterbringung, Begleitung und Grundversorgung von Neuzuwanderern<\/td>\n<\/tr>\n<tr class=\"even\">\n<td><\/td>\n<td style=\"text-align: left;\">Freizeitangebote in der Seniorenbegegnungsst\u00e4tte<\/td>\n<\/tr>\n<tr>\n<td><\/td>\n<td style=\"text-align: left;\">Einkaufshilfen und Besuche<\/td>\n<\/tr>\n<tr class=\"even\">\n<td><\/td>\n<td style=\"text-align: left;\">Betreuung und Gewinnung von Ehrenamtlichen f\u00fcr die Arbeit z. b. in der Bibliothek<\/td>\n<\/tr>\n<tr>\n<td><\/td>\n<td style=\"text-align: left;\">Begleitung und \u00dcbersetzerdienste bei Beh\u00f6rden und \u00c4rzten<\/td>\n<\/tr>\n<tr>\n<td><\/td>\n<td style=\"text-align: left;\">Heimische Betreuung f\u00fcr psychisch Kranke<\/td>\n<\/tr>\n<tr>\n<td><\/td>\n<td style=\"text-align: left;\">\u00dcbernahme der gesetzlichen Betreuung bei psychischer Erkrankung oder Demenz<\/td>\n<\/tr>\n<tr>\n<td><\/td>\n<td style=\"text-align: left;\">Vermittlung erzieherischer Hilfen, Weitervermittlung an andere Institutionen<\/td>\n<\/tr>\n<tr>\n<td><\/td>\n<td style=\"text-align: left;\">Integrationssprachkurse<\/td>\n<\/tr>\n<tr>\n<td style=\"text-align: left;\"><strong>Besch\u00e4ftigung<\/strong><\/td>\n<td style=\"text-align: left;\">Schaffung, Koordination und Betreuung von Arbeitsgelegenheiten f\u00fcr Menschen im SGB2-Bezug (1 Euro Jobs)<\/td>\n<\/tr>\n<tr class=\"even\">\n<td><\/td>\n<td style=\"text-align: left;\">Hilfe bei Bewerbungen, Unterst\u00fctzung bei der Arbeitsaufnahme, Aktivierung der arbeitsmarktlichen Integration<\/td>\n<\/tr>\n<\/tbody>\n<\/table>\n\n\n<p>&#8212;&#8212;&#8212;&#8212;&#8212;&#8212;&#8212;&#8212;&#8212;&#8212;&#8212;&#8212;&#8212;&#8212;&#8212;&#8212;&#8212;&#8212;&#8212;&#8212;&#8212;&#8212;&#8212;&#8211;<\/p>\n\n\n\n<p><strong>Sprechstunden<\/strong>:<\/p>\n\n\n\n<p>Marina Nikiforova, Sozialp\u00e4dagogin (BA) <\/p>\n\n\n\n<p><strong>Gemeindehaus Ludwigshafen <\/strong>Mo und Do 14:30-16:00<br \/><b>Gemeindehaus Speyer<\/b> Mo und Do 10:00-11:00<\/p>\n\n\n\n<p>&#8212;&#8212;&#8212;&#8212;&#8212;&#8212;&#8212;&#8212;&#8212;&#8212;&#8212;&#8212;&#8212;&#8212;&#8212;&#8212;&#8212;&#8212;&#8212;&#8212;&#8212;&#8212;&#8212;&#8212;<\/p>\n\n\n\n<p>Sozialarbeiterin Lora Wiebe<\/p>\n\n\n\n<p><strong>Gemeindehaus Kaiserslautern<\/strong> mittwochs 9:00\u201313:00<\/p>\n\n\n\n<p><\/p>\n\n\n\n<p><\/p>\n","protected":false},"excerpt":{"rendered":"<p>Aufgabenbereich der Sozialabteilung der J\u00fcdischen Gemeinde Rheinpfalz Leistung Beschreibung Beratung Beantragung von Transferleistungen (ALG, ALG2, GruSi, Pflegegeld, Blindengeld etc.) Hilfen bei Widerspr\u00fcchen in Leistungsangelegenheiten Hilfen bei Forderungen durch Vermieter, ARGE, Stadtwerke etc. Hilfen bei Vertragsabschl\u00fcssen, Reklamationen, betr\u00fcgerischer Werbung etc. Schuldnerberatung ggf. Weiterleitung an andere Institutionen Organisation von Pflegediensten und Heimunterbringung Allg. Sozialberatung bei Scheidung, Unterhalt&#8230;<\/p>\n","protected":false},"author":1,"featured_media":0,"parent":42,"menu_order":0,"comment_status":"closed","ping_status":"closed","template":"","meta":{"footnotes":""},"class_list":["post-138","page","type-page","status-publish","hentry"],"_links":{"self":[{"href":"https:\/\/www.jkgrp.de\/index.php?rest_route=\/wp\/v2\/pages\/138","targetHints":{"allow":["GET"]}}],"collection":[{"href":"https:\/\/www.jkgrp.de\/index.php?rest_route=\/wp\/v2\/pages"}],"about":[{"href":"https:\/\/www.jkgrp.de\/index.php?rest_route=\/wp\/v2\/types\/page"}],"author":[{"embeddable":true,"href":"https:\/\/www.jkgrp.de\/index.php?rest_route=\/wp\/v2\/users\/1"}],"replies":[{"embeddable":true,"href":"https:\/\/www.jkgrp.de\/index.php?rest_route=%2Fwp%2Fv2%2Fcomments&post=138"}],"version-history":[{"count":73,"href":"https:\/\/www.jkgrp.de\/index.php?rest_route=\/wp\/v2\/pages\/138\/revisions"}],"predecessor-version":[{"id":198575,"href":"https:\/\/www.jkgrp.de\/index.php?rest_route=\/wp\/v2\/pages\/138\/revisions\/198575"}],"up":[{"embeddable":true,"href":"https:\/\/www.jkgrp.de\/index.php?rest_route=\/wp\/v2\/pages\/42"}],"wp:attachment":[{"href":"https:\/\/www.jkgrp.de\/index.php?rest_route=%2Fwp%2Fv2%2Fmedia&parent=138"}],"curies":[{"name":"wp","href":"https:\/\/api.w.org\/{rel}","templated":true}]}}