{"id":1352,"date":"2012-10-31T10:30:17","date_gmt":"2012-10-31T08:30:17","guid":{"rendered":"http:\/\/www.jkgrp.de\/?page_id=1352"},"modified":"2026-02-02T12:35:35","modified_gmt":"2026-02-02T10:35:35","slug":"anfrage-einer-fuhrung-in-der-judischen-gemeinde-der-rheinpfalz","status":"publish","type":"page","link":"https:\/\/www.jkgrp.de\/?page_id=1352","title":{"rendered":""},"content":{"rendered":"\n<h4 class=\"wp-block-heading has-text-align-center has-black-color has-text-color has-link-color wp-elements-155ecddb779ce4d68c624a24947b457a\">F\u00fchrungen durch die Synagogen&nbsp;<strong>Speyer<\/strong> und <strong>Kaiserslautern<\/strong>&nbsp;k\u00f6nnen&nbsp;<strong>NUR<\/strong>&nbsp;von Sonntag bis Mittwoch nach vorheriger Anmeldung mindestens zwei Wochen vorher stattfinden.<\/h4>\n\n\n\n<p class=\"has-text-align-center has-black-color has-text-color has-link-color wp-elements-335ca0f0ed2acd4c486c45a4a7302027\" style=\"font-size:15px\"><strong>Gerne begr\u00fc\u00dfen wir Schulklassen und Kindergarten Gruppen zu einer F\u00fchrung in unserer Synagoge !<\/strong><\/p>\n\n\n\n<h4 class=\"wp-block-heading has-text-align-center has-black-color has-text-color has-link-color wp-elements-2783a7aa654c2b1864591c9f099cd2f2\">Die F\u00fchrung dauert 60 Minuten.<\/h4>\n\n\n\n<h4 class=\"wp-block-heading has-text-align-center has-black-color has-text-color has-link-color wp-elements-392fb2ec740ba443b8253c35a0636be0\"><strong>*An j\u00fcdischen Feiertagen und w\u00e4hrend Veranstaltungen, k\u00f6nnen keine F\u00fchrungen stattfinden.*<\/strong><\/h4>\n\n\n\n<h4 class=\"wp-block-heading has-text-align-center has-black-color has-text-color has-link-color wp-elements-7c2b54bb06654314d4e7eab17408b0b2\">Die F\u00fchrungen werden kostenlos durchgef\u00fchrt, aber nat\u00fcrlich freut sich die Gemeinde \u00fcber Spenden, die wir zum Erhalt und der Pflege der Synagoge einsetzen k\u00f6nnen.<\/h4>\n\n\n\n<p><\/p>\n\n\n\n<p class=\"has-text-align-center has-medium-font-size\"><\/p>\n\n\n\n<p class=\"has-text-align-center has-x-large-font-size\"><\/p>\n\n\n<div class=\"everest-forms\"><div class=\"evf-container default\" id=\"evf-198660\"><form id=\"evf-form-198660\" class=\"everest-form\" data-formid=\"198660\" data-ajax_submission=\"0\" data-keyboard_friendly_form=\"0\" data-form_state_type=\"\" method=\"post\" enctype=\"multipart\/form-data\" action=\"\/index.php?rest_route=%2Fwp%2Fv2%2Fpages%2F1352\"><div class=\"evf-field-container\"><input type=\"hidden\" id=\"_wpnonce198660\" name=\"_wpnonce198660\" value=\"8dd6c54ead\" \/><input type=\"hidden\" name=\"_wp_http_referer\" value=\"\/index.php?rest_route=%2Fwp%2Fv2%2Fpages%2F1352\" \/><div class=\"evf-frontend-row\" data-row=\"row_1\" conditional_rules=\"[]\"><div class=\"evf-frontend-grid evf-grid-1\" data-grid=\"grid_1\"><div id=\"evf-198660-field_6J9Bc9nzgO-5-container\" class=\"evf-field evf-field-radio form-row\" data-field-id=\"6J9Bc9nzgO-5\"><label class=\"evf-field-label\" for=\"evf-198660-field_6J9Bc9nzgO-5\"><span class=\"evf-label\">Ihre Auswahl!<\/span> <\/label><ul id=\"evf-198660-field_6J9Bc9nzgO-5\"><li class=\"choice-1 depth-1\"><input type=\"radio\" id=\"evf-198660-field_6J9Bc9nzgO-5_1\" class=\"input-text\" name=\"everest_forms[form_fields][6J9Bc9nzgO-5]\" value=\"Synagoge Speyer\"  ><label class=\"everest-forms-field-label-inline\" for=\"evf-198660-field_6J9Bc9nzgO-5_1\">Synagoge Speyer<\/label><\/li><li class=\"choice-2 depth-1\"><input type=\"radio\" id=\"evf-198660-field_6J9Bc9nzgO-5_2\" class=\"input-text\" name=\"everest_forms[form_fields][6J9Bc9nzgO-5]\" value=\"Synagoge Kaiserslautern\"  ><label class=\"everest-forms-field-label-inline\" for=\"evf-198660-field_6J9Bc9nzgO-5_2\">Synagoge Kaiserslautern<\/label><\/li><li class=\"choice-3 depth-1\"><input type=\"radio\" id=\"evf-198660-field_6J9Bc9nzgO-5_3\" class=\"input-text\" name=\"everest_forms[form_fields][6J9Bc9nzgO-5]\" value=\"J\u00fcdische Friedh\u00f6fe in der Pfalz\"  ><label class=\"everest-forms-field-label-inline\" for=\"evf-198660-field_6J9Bc9nzgO-5_3\">J\u00fcdische Friedh\u00f6fe in der Pfalz<\/label><\/li><\/ul><\/div><div id=\"evf-198660-field_ys0GeZISRs-1-container\" class=\"evf-field evf-field-first-name form-row validate-required\" data-required-field-message=\"This field is required.\" data-field-id=\"ys0GeZISRs-1\"><label class=\"evf-field-label\" for=\"evf-198660-field_ys0GeZISRs-1\"><span class=\"evf-label\">Name<\/span> <abbr class=\"required\" title=\"Required\">*<\/abbr><\/label><input type=\"text\" id=\"evf-198660-field_ys0GeZISRs-1\" class=\"input-text\" name=\"everest_forms[form_fields][ys0GeZISRs-1]\" required><\/div><div id=\"evf-198660-field_LbH5NxasXM-2-container\" class=\"evf-field evf-field-email form-row validate-required validate-email\" data-required-field-message=\"Please enter a valid email address.\" data-field-id=\"LbH5NxasXM-2\"><label class=\"evf-field-label\" for=\"evf-198660-field_LbH5NxasXM-2\"><span class=\"evf-label\">Email<\/span> <abbr class=\"required\" title=\"Required\">*<\/abbr><\/label><input type=\"email\" id=\"evf-198660-field_LbH5NxasXM-2\" class=\"input-text\" name=\"everest_forms[form_fields][LbH5NxasXM-2]\" required ><\/div><div id=\"evf-198660-field_66FR384cge-3-container\" class=\"evf-field evf-field-text form-row validate-required\" data-required-field-message=\"This field is required.\" data-field-id=\"66FR384cge-3\"><label class=\"evf-field-label\" for=\"evf-198660-field_66FR384cge-3\"><span class=\"evf-label\">Telefon<\/span> <abbr class=\"required\" title=\"Required\">*<\/abbr><\/label><input type=\"text\" id=\"evf-198660-field_66FR384cge-3\" class=\"input-text\" name=\"everest_forms[form_fields][66FR384cge-3]\" required><\/div><div id=\"evf-198660-field_yhGx3FOwr2-4-container\" class=\"evf-field evf-field-textarea form-row\" data-field-id=\"yhGx3FOwr2-4\"><label class=\"evf-field-label\" for=\"evf-198660-field_yhGx3FOwr2-4\"><span class=\"evf-label\">Nachricht<\/span> <\/label><textarea id=\"evf-198660-field_yhGx3FOwr2-4\" class=\"input-text\" name=\"everest_forms[form_fields][yhGx3FOwr2-4]\"  ><\/textarea><\/div><\/div><\/div><\/div><div class=\"evf-honeypot-container evf-field-hp\"><label for=\"evf-198660-field-hp\" class=\"evf-field-label\">Message<\/label><input type=\"text\" name=\"everest_forms[hp]\" id=\"evf-198660-field-hp\" class=\"input-text\"><\/div><div class=\"evf-submit-container \" ><input type=\"hidden\" name=\"everest_forms[id]\" value=\"198660\"><input type=\"hidden\" name=\"everest_forms[author]\" value=\"1\"><button type='submit' name='everest_forms[submit]' class='everest-forms-submit-button button evf-submit ' id='evf-submit-198660' value='evf-submit' data-process-text=\"Processing\u2026\" conditional_rules='&quot;&quot;' conditional_id='evf-submit-198660'  id=\"evf-submit-198660\" aria-live=\"assertive\">Senden<\/button><\/div><\/form><\/div><!-- .evf-container --><\/div>\n","protected":false},"excerpt":{"rendered":"<p>F\u00fchrungen durch die Synagogen&nbsp;Speyer und Kaiserslautern&nbsp;k\u00f6nnen&nbsp;NUR&nbsp;von Sonntag bis Mittwoch nach vorheriger Anmeldung mindestens zwei Wochen vorher stattfinden. Gerne begr\u00fc\u00dfen wir Schulklassen und Kindergarten Gruppen zu einer F\u00fchrung in unserer Synagoge ! Die F\u00fchrung dauert 60 Minuten. *An j\u00fcdischen Feiertagen und w\u00e4hrend Veranstaltungen, k\u00f6nnen keine F\u00fchrungen stattfinden.* Die F\u00fchrungen werden kostenlos durchgef\u00fchrt, aber nat\u00fcrlich freut sich&#8230;<\/p>\n","protected":false},"author":1,"featured_media":0,"parent":0,"menu_order":0,"comment_status":"closed","ping_status":"open","template":"page-nosidebar.php","meta":{"footnotes":""},"class_list":["post-1352","page","type-page","status-publish","hentry"],"_links":{"self":[{"href":"https:\/\/www.jkgrp.de\/index.php?rest_route=\/wp\/v2\/pages\/1352","targetHints":{"allow":["GET"]}}],"collection":[{"href":"https:\/\/www.jkgrp.de\/index.php?rest_route=\/wp\/v2\/pages"}],"about":[{"href":"https:\/\/www.jkgrp.de\/index.php?rest_route=\/wp\/v2\/types\/page"}],"author":[{"embeddable":true,"href":"https:\/\/www.jkgrp.de\/index.php?rest_route=\/wp\/v2\/users\/1"}],"replies":[{"embeddable":true,"href":"https:\/\/www.jkgrp.de\/index.php?rest_route=%2Fwp%2Fv2%2Fcomments&post=1352"}],"version-history":[{"count":44,"href":"https:\/\/www.jkgrp.de\/index.php?rest_route=\/wp\/v2\/pages\/1352\/revisions"}],"predecessor-version":[{"id":199180,"href":"https:\/\/www.jkgrp.de\/index.php?rest_route=\/wp\/v2\/pages\/1352\/revisions\/199180"}],"wp:attachment":[{"href":"https:\/\/www.jkgrp.de\/index.php?rest_route=%2Fwp%2Fv2%2Fmedia&parent=1352"}],"curies":[{"name":"wp","href":"https:\/\/api.w.org\/{rel}","templated":true}]}}