{"id":132,"date":"2011-05-13T19:16:33","date_gmt":"2011-05-13T17:16:33","guid":{"rendered":"http:\/\/jkgrp.de\/?page_id=132"},"modified":"2015-09-01T11:14:59","modified_gmt":"2015-09-01T09:14:59","slug":"gedenkstatten","status":"publish","type":"page","link":"https:\/\/www.jkgrp.de\/?page_id=132","title":{"rendered":"Synagogen"},"content":{"rendered":"<p style=\"text-align: justify;\"><a href=\"http:\/\/www.jkgrp.de\/?page_id=744\">A-C<\/a><\/p>\n<p style=\"text-align: justify;\">Albisheim (2), Alsenz, Altdorf, Altenbamberg, Altleiningen, Arzheim (Stadt Landau),\u00a0Bad Bergzabern, Bad D\u00fcrkheim (2), Biedesheim, Billigheim\/Ingenheim (2), \u00a0Blieskastel,\u00a0Bobenheim-Roxheim (2), Bockenheim, B\u00f6chingen (2),B\u00f6hl-Iggelheim (2), B\u00f6rrstadt (2), Br\u00fccken (2), Bubenheim, Busenberg,\u00a0Carslberg,<\/p>\n<p style=\"text-align: justify;\"><a href=\"http:\/\/www.jkgrp.de\/?page_id=782\">D-F<\/a><\/p>\n<p style=\"text-align: justify;\">Dahn, Deidesheim (3), Dielkirchen,\u00a0Dirmstein,\u00a0Ebertsheim-Rodenbach,\u00a0Edenkoben,(2), Edesheim(2), Eisenberg,\u00a0Ellerstadt,\u00a0Eppstein, Erlenbach,\u00a0Essingen,\u00a0E\u00dfweiler,\u00a0Frankenstein,\u00a0Frankenthal(3),\u00a0Freinsheim(2),\u00a0Freisbach,\u00a0Friedelsheim(2), Fu\u00dfg\u00f6nheim(2),<\/p>\n<p style=\"text-align: justify;\"><a href=\"http:\/\/www.jkgrp.de\/?page_id=917\">G-H<\/a><\/p>\n<p style=\"text-align: justify;\">Gauersheim,\u00a0Gaugrehweiler,\u00a0Geinsheim, Stadt Neustadt a. d.W., (2), Germersheim (2),\u00a0Gersheim,\u00a0G\u00f6cklingen,\u00a0G\u00f6llheim (3),\u00a0Gommersheim,\u00a0Gro\u00dfkarlbach,\u00a0Gr\u00fcnstadt,\u00a0Hagenbach (2),\u00a0Ha\u00dfloch (2),\u00a0Herschberg,\u00a0Herchweiler im Ostertal,\u00a0Herxheim bei Landau,\u00a0He\u00dfheim,\u00a0Hettenleidelheim,\u00a0Hertlingshausen,\u00a0Heuchelheim (2), Hochspeyer,\u00a0Hochst\u00e4tten,\u00a0Hochstadt (2),\u00a0H\u00f6hein\u00f6d,\u00a0Homburg\/S r (2),<\/p>\n<p style=\"text-align: justify;\"><a href=\"http:\/\/www.jkgrp.de\/?page_id=924 \">K-L<\/a><\/p>\n<p style=\"text-align: justify;\">Kaiserslautern (5),\u00a0Kallstadt,\u00a0Kerzenheim,\u00a0Kindenheim,\u00a0Kirchheim a. d. W. (2),\u00a0Kirchheimbolanden (2),\u00a0Kirrweiler,\u00a0Kleinfischlingen,\u00a0Klingenm\u00fcnster,\u00a0Konken,\u00a0Kusel (2),\u00a0Lachen-Speyerdorf\/ Stadt Neustadt,\u00a0\u00a0Lambsheim (2),\u00a0Landau (4),\u00a0Landstuhl,\u00a0Leimersheim (2),\u00a0Lingenfeld,\u00a0Ludwigshafen a. Rh.(3),\u00a0Lustadt (2),<\/p>\n<p style=\"text-align: justify;\"><a href=\"http:\/\/www.jkgrp.de\/?page_id=932\">M-R<\/a><\/p>\n<p style=\"text-align: justify;\">Maikammer,\u00a0Marienthal, Stadt Rockenhausen,\u00a0Meckenheim,\u00a0Mehlingen,\u00a0M\u00fcnchweiler an der Alsenz,\u00a0M\u00fcnsterappel (2),\u00a0Mu\u00dfbach, Stadt Neustadt a.d.W.,\u00a0Mutterstadt,\u00a0Neuleinigen,\u00a0Neustadt a.d.W.(5),\u00a0Niederkirchen,\u00a0Obermoschel,\u00a0Obers\u00fclzen,\u00a0Obrigheim,\u00a0Odenbach am Glan,\u00a0Odernheim,\u00a0Offenbach-Hundheim,\u00a0Otterberg,\u00a0Otterstadt (2),\u00a0Pirmasens,\u00a0Pleisweiler,\u00a0Rathskirchen,\u00a0Reipoltskirchen,\u00a0Rheing\u00f6nheim, Stadt Ludwigshafen (2),\u00a0Rockenhausen (2), R\u00f6dersheim-Alsheim (2),\u00a0Rodalben,\u00a0Ruchheim (2),\u00a0R\u00fclzheim,<\/p>\n<p style=\"text-align: justify;\"><a href=\"http:\/\/www.jkgrp.de\/?page_id=938\">S-Z<\/a><\/p>\n<p style=\"text-align: justify;\">Sausenheim, Stadt Gr\u00fcnstadt,\u00a0Schifferstadt (2),\u00a0Schwegenheim (2),\u00a0Sembach,\u00a0Speyer (6),\u00a0Steinbach am Donnersberg,\u00a0Steinbach am Glan,\u00a0St. Ingbert (2),\u00a0Teschenmoschel, Thaleischweiler-Fr\u00f6schen,\u00a0Tiefenthal,\u00a0Venningen (2),\u00a0Vorderweidenthal,\u00a0Wachenheim a.d.W,\u00a0Waldgrehweiler,\u00a0Wallhalben-Oberhausen,\u00a0Wattenheim (2),\u00a0Weingarten,\u00a0Weisenheim am Berg, Weisenheim am Sand,\u00a0Weitersweiler,\u00a0Winnweiler (2),\u00a0W\u00fcrzweiler,\u00a0Zweibr\u00fccken<\/p>\n<p style=\"text-align: justify;\">Diese aufw\u00e4ndig recherchierten Informationen und Texte \u00fcber die Synagogen in der Pfalz wurden uns freundlicherweise von Herrn Otmar Weber zur Verf\u00fcgung gestellt. Vollst\u00e4ndigere Angaben, Literatur- und Hinweislisten sowie weitere Informationen findet man in seinem Buch:<br \/>\nOtmar Weber. Die Synagogen in der Pfalz von 1800 bis heute : unter besonderer Ber\u00fccksichtigung der Synagogen in der S\u00fcdwestpfalz. <em>Landau : Ges. f\u00fcr Christlich-J\u00fcdische Zusammenarbeit Pfalz,<\/em> (2005). ISBN-10: 3000152504; ISBN-13: 978-3000152504<br \/>\nDas Buch kann direkt beim Autor bestellt werden:<br \/>\nOtmar Weber<br \/>\nSchillerstra\u00dfe 10b<br \/>\n66994 Dahn<br \/>\nTel 06391 &#8211; 2331<br \/>\nE-Mail: otmar_weber@gmx.de<\/p>\n<p style=\"text-align: left;\">oder bei:<br \/>\nGesellschaft f\u00fcr Christlich &#8211; J\u00fcdische Zusammenarbeit Pfalz (GCJZ)<br \/>\nGesch\u00e4ftsstelle<br \/>\nDr. Wolfgang Pauly<br \/>\nKarl-Stein-Stra\u00dfe 8<br \/>\n76835 Hainfeld<br \/>\nTel 06323 \u2013 81109<br \/>\nE-Mail: pauly@uni-landau.de<\/p>\n<p style=\"text-align: left;\">Das Buch kostet 15.00 Euro + Porto.<\/p>\n<h1 style=\"text-align: center;\">Die pf\u00e4lzischen Synagogen von 1800 bis heute<\/h1>\n<p style=\"text-align: left;\"><strong>Vorbemerkungen<\/strong><br \/>\nIn fast jeder sechsten pf\u00e4lzischen Gemeinde standen bis zu ihrer Zerst\u00f6rung in der NS-Zeit steinerne Zeugnisse j\u00fcdischen Glaubens &#8211; einfache Betstuben und pr\u00e4chtige Synagogen.Der \u00fcberwiegende Teil der Synagogen in der Pfalz wurde w\u00e4hrend der Reichspogromnacht 1938 zerst\u00f6rt. Das Sterben der Synagogen im pf\u00e4lzischen Raum begann aber schon vor dem 9.\/10. November 1938. Zwischen 1933 und 1938 waren bereits zahlreiche Synagogengeb\u00e4ude von den j\u00fcdischen Gemeinden verkauft worden, da durch erzwungene Auswanderungen das f\u00fcr den Gottesdienst notwendige Minjan nicht mehr erbracht werden konnte. Von dieser Entwicklung waren die j\u00fcdischen Gemeinden in der Pfalz schon fr\u00fchzeitig betroffen. Nur wenige Synagogen haben den Krieg \u00fcberstanden.<\/p>\n<p style=\"text-align: justify;\">Die verwaisten Synagogen gelangten meist in Privatbesitz, wurden abgerissen oder zu Werkst\u00e4tten, Lagerr\u00e4umen, Schuppen, Scheunen und Wohnh\u00e4usern umgebaut und sind oft nur deshalb mehr oder weniger erhalten geblieben. Nur vier Synagogen sind im Jahre 2004 noch in ihrer urspr\u00fcnglichen Bausubstanz erhalten.<\/p>\n<p style=\"text-align: justify;\"><strong>Definition der Synagoge nach religi\u00f6sem Verst\u00e4ndnis<\/strong>. Die Synagoge ist kein Gotteshaus im christlichen Sinn, da die liturgische Verehrung Gottes nach j\u00fcdischem Glauben nicht an ein bestimmtes Geb\u00e4ude gebunden ist. Die Synagoge ist vielmehr Gebets-, Lehr- und Versammlungsst\u00e4tte, wie es auch der Name \u201eSynagoge\u201c, abgeleitet aus dem griechischen \u201esynagogein\u201c, \u00fcbersetzt \u201ezusammenkommen\u201c ausdr\u00fcckt. Als Synagoge im weitesten Sinne gilt jeder Raum, der die Torarollen enth\u00e4lt, in dem man sich versammelt, lehrt und betet. Diese weitgefasste Definition macht sich auch der Verfasser zu eigen, wenn von Betstube, Bets l, Synagoge oder Judenschule die Rede ist.<\/p>\n<p style=\"text-align: justify;\">Die Angaben und Daten zu den Synagogen basieren im wesentlichen auf Ver\u00f6ffent-lichungen von Bernhard Kukatzki, Karl F\u00fccks, Franz Schmidt, Paul Karmann, Gemeindeverzeichnissen von j\u00fcdischen Organisationen in Deutschland, Ortschroniken, dem Landesarchiv in Speyer, Gemeindearchiven, den Privatarchiven von Bernhard Gerlach, Berthold Schnabel, Otmar Weber und auf Erkenntnissen, die der Verfasser vor Ort erworben hat. Ferner wurde auf Restitutionsakten aus dem Archiv F\u00fccks zur\u00fcckgegriffen.<\/p>\n","protected":false},"excerpt":{"rendered":"<p>A-C Albisheim (2), Alsenz, Altdorf, Altenbamberg, Altleiningen, Arzheim (Stadt Landau),\u00a0Bad Bergzabern, Bad D\u00fcrkheim (2), Biedesheim, Billigheim\/Ingenheim (2), \u00a0Blieskastel,\u00a0Bobenheim-Roxheim (2), Bockenheim, B\u00f6chingen (2),B\u00f6hl-Iggelheim (2), B\u00f6rrstadt (2), Br\u00fccken (2), Bubenheim, Busenberg,\u00a0Carslberg, D-F Dahn, Deidesheim (3), Dielkirchen,\u00a0Dirmstein,\u00a0Ebertsheim-Rodenbach,\u00a0Edenkoben,(2), Edesheim(2), Eisenberg,\u00a0Ellerstadt,\u00a0Eppstein, Erlenbach,\u00a0Essingen,\u00a0E\u00dfweiler,\u00a0Frankenstein,\u00a0Frankenthal(3),\u00a0Freinsheim(2),\u00a0Freisbach,\u00a0Friedelsheim(2), Fu\u00dfg\u00f6nheim(2), G-H Gauersheim,\u00a0Gaugrehweiler,\u00a0Geinsheim, Stadt Neustadt a. d.W., (2), Germersheim (2),\u00a0Gersheim,\u00a0G\u00f6cklingen,\u00a0G\u00f6llheim (3),\u00a0Gommersheim,\u00a0Gro\u00dfkarlbach,\u00a0Gr\u00fcnstadt,\u00a0Hagenbach (2),\u00a0Ha\u00dfloch (2),\u00a0Herschberg,\u00a0Herchweiler im Ostertal,\u00a0Herxheim bei Landau,\u00a0He\u00dfheim,\u00a0Hettenleidelheim,\u00a0Hertlingshausen,\u00a0Heuchelheim (2),&#8230;<\/p>\n","protected":false},"author":1,"featured_media":0,"parent":127,"menu_order":0,"comment_status":"closed","ping_status":"closed","template":"page-nosidebar.php","meta":{"footnotes":""},"class_list":["post-132","page","type-page","status-publish","hentry"],"_links":{"self":[{"href":"https:\/\/www.jkgrp.de\/index.php?rest_route=\/wp\/v2\/pages\/132","targetHints":{"allow":["GET"]}}],"collection":[{"href":"https:\/\/www.jkgrp.de\/index.php?rest_route=\/wp\/v2\/pages"}],"about":[{"href":"https:\/\/www.jkgrp.de\/index.php?rest_route=\/wp\/v2\/types\/page"}],"author":[{"embeddable":true,"href":"https:\/\/www.jkgrp.de\/index.php?rest_route=\/wp\/v2\/users\/1"}],"replies":[{"embeddable":true,"href":"https:\/\/www.jkgrp.de\/index.php?rest_route=%2Fwp%2Fv2%2Fcomments&post=132"}],"version-history":[{"count":42,"href":"https:\/\/www.jkgrp.de\/index.php?rest_route=\/wp\/v2\/pages\/132\/revisions"}],"predecessor-version":[{"id":67578,"href":"https:\/\/www.jkgrp.de\/index.php?rest_route=\/wp\/v2\/pages\/132\/revisions\/67578"}],"up":[{"embeddable":true,"href":"https:\/\/www.jkgrp.de\/index.php?rest_route=\/wp\/v2\/pages\/127"}],"wp:attachment":[{"href":"https:\/\/www.jkgrp.de\/index.php?rest_route=%2Fwp%2Fv2%2Fmedia&parent=132"}],"curies":[{"name":"wp","href":"https:\/\/api.w.org\/{rel}","templated":true}]}}