{"id":130,"date":"2012-02-20T19:16:01","date_gmt":"2012-02-20T17:16:01","guid":{"rendered":"http:\/\/jkgrp.de\/?page_id=130"},"modified":"2012-02-20T21:59:03","modified_gmt":"2012-02-20T19:59:03","slug":"friedhofe-2","status":"publish","type":"page","link":"https:\/\/www.jkgrp.de\/?page_id=130","title":{"rendered":"Friedh\u00f6fe"},"content":{"rendered":"<div>\n<p>In der Pfalz gibt es 80 J\u00fcdische Friedh\u00f6fe. Davon sind offen f\u00fcr neue Bestattungen nur 3.<\/p>\n<p>Hier finden Sie Informationen zu den einzelnen J\u00fcdischen Friedh\u00f6fen. Sollten Sie Informationen \u00fcber die einzelnen Friedh\u00f6fe haben, in Form von Texten, Videos oder Bilder, freuen wir uns \u00fcber Ihren Beitrag per E-Mail.<\/p>\n<\/div>\n<h2>Liste der J\u00fcdischen Friedh\u00f6fe in der Pfalz<\/h2>\n<div>\n<table border=\"0\">\n<tbody>\n<tr>\n<td>\n<ul>\n<li style=\"text-align: left;\">Albisheim<\/li>\n<li style=\"text-align: left;\">Alsenz (2)<\/li>\n<li style=\"text-align: left;\">Altenbamberg<\/li>\n<li style=\"text-align: left;\">Annweiler<\/li>\n<li style=\"text-align: left;\">Bobenheim<\/li>\n<li style=\"text-align: left;\">B\u00f6rrstadt<\/li>\n<li style=\"text-align: left;\">Breunigweiler<\/li>\n<li style=\"text-align: left;\">Busenberg<\/li>\n<li style=\"text-align: left;\">Carlsberg<\/li>\n<li style=\"text-align: left;\">Deidesheim<\/li>\n<li style=\"text-align: left;\">Dielkirchen (2)<\/li>\n<li style=\"text-align: left;\">Edenkoben<\/li>\n<li style=\"text-align: left;\">Essingen (2)<\/li>\n<li style=\"text-align: left;\">Frankenthal (2)<\/li>\n<li style=\"text-align: left;\">Fu\u00dfg\u00f6nnheim<\/li>\n<li style=\"text-align: left;\">Gauersheim<\/li>\n<li style=\"text-align: left;\">Gaugrehweiler<\/li>\n<li style=\"text-align: left;\">G\u00f6llheim (2)<\/li>\n<li style=\"text-align: left;\">Gries<\/li>\n<\/ul>\n<\/td>\n<td style=\"text-align: left;\">\n<ul>\n<li>Gr\u00fcnstadt (2)<\/li>\n<li>Hagenbach<\/li>\n<li>Ha\u00dfloch<\/li>\n<li>Herschberg<\/li>\n<li>Herxheim<\/li>\n<li>Hettenleidelheim (2)<\/li>\n<li>Heuchelheim<\/li>\n<li>Hinzweiler<\/li>\n<li>Hochspeyer<\/li>\n<li>Hohein\u00f6d<\/li>\n<li>Ilbesheim<\/li>\n<li>Ingenheim<\/li>\n<li>Kaiserslautern<\/li>\n<li>Kindenheim<\/li>\n<li>Kirchheim\/W.<\/li>\n<li>Kirchheimbolanden<\/li>\n<li>Kirrweiler<\/li>\n<li>Lambsheim<\/li>\n<li>Landau<\/li>\n<\/ul>\n<\/td>\n<td style=\"text-align: left;\">\n<ul>\n<li>Landstuhl<\/li>\n<li>Ludwigshafen<\/li>\n<li>Marienthal<\/li>\n<li>Mehlingen<\/li>\n<li>M\u00fcnsterappel<\/li>\n<li>Mutterstadt<\/li>\n<li>Neuhofen<\/li>\n<li>Neustadt\/W.<\/li>\n<li>Niederhochstadt<\/li>\n<li>Niederkirchen (2)<\/li>\n<li>Oberhausen<\/li>\n<li>Oberlustadt<\/li>\n<li>Obermoschel<\/li>\n<li>Obrigheim<\/li>\n<li>Odenbach\/Glan<\/li>\n<li>Offenbach\/Glan<\/li>\n<li>Offenbach\/Hundheim (2)<\/li>\n<li>Olsbr\u00fccken<\/li>\n<li>Otterstadt<\/li>\n<\/ul>\n<\/td>\n<td style=\"text-align: left;\">\n<ul>\n<li>Pirmasens (3)<\/li>\n<li>Rockenhausen<\/li>\n<li>Rodalben<\/li>\n<li>R\u00fclzheim<\/li>\n<li>Schifferstadt<\/li>\n<li>Speyer<\/li>\n<li>Steinbach\/Donnersbg.<\/li>\n<li>Steinbach\/Glan<\/li>\n<li>Teschenmoschel<\/li>\n<li>Thaleischweiler<\/li>\n<li>Thallichtenberg<\/li>\n<li>Venningen<\/li>\n<li>Wachenheim\/W.<\/li>\n<li>Waldgrehweiler<\/li>\n<li>Waldmohr<\/li>\n<li>Wallhalben (2)<\/li>\n<li>Weitersweiler<\/li>\n<li>Winnweiler<\/li>\n<li>Zweibr\u00fccken (2)<\/li>\n<\/ul>\n<\/td>\n<\/tr>\n<\/tbody>\n<\/table>\n<\/div>\n","protected":false},"excerpt":{"rendered":"<p>In der Pfalz gibt es 80 J\u00fcdische Friedh\u00f6fe. Davon sind offen f\u00fcr neue Bestattungen nur 3. Hier finden Sie Informationen zu den einzelnen J\u00fcdischen Friedh\u00f6fen. Sollten Sie Informationen \u00fcber die einzelnen Friedh\u00f6fe haben, in Form von Texten, Videos oder Bilder, freuen wir uns \u00fcber Ihren Beitrag per E-Mail. Liste der J\u00fcdischen Friedh\u00f6fe in der Pfalz&#8230;<\/p>\n","protected":false},"author":1,"featured_media":0,"parent":0,"menu_order":0,"comment_status":"closed","ping_status":"closed","template":"page-nosidebar.php","meta":{"footnotes":""},"class_list":["post-130","page","type-page","status-publish","hentry"],"_links":{"self":[{"href":"https:\/\/www.jkgrp.de\/index.php?rest_route=\/wp\/v2\/pages\/130","targetHints":{"allow":["GET"]}}],"collection":[{"href":"https:\/\/www.jkgrp.de\/index.php?rest_route=\/wp\/v2\/pages"}],"about":[{"href":"https:\/\/www.jkgrp.de\/index.php?rest_route=\/wp\/v2\/types\/page"}],"author":[{"embeddable":true,"href":"https:\/\/www.jkgrp.de\/index.php?rest_route=\/wp\/v2\/users\/1"}],"replies":[{"embeddable":true,"href":"https:\/\/www.jkgrp.de\/index.php?rest_route=%2Fwp%2Fv2%2Fcomments&post=130"}],"version-history":[{"count":8,"href":"https:\/\/www.jkgrp.de\/index.php?rest_route=\/wp\/v2\/pages\/130\/revisions"}],"predecessor-version":[{"id":396,"href":"https:\/\/www.jkgrp.de\/index.php?rest_route=\/wp\/v2\/pages\/130\/revisions\/396"}],"wp:attachment":[{"href":"https:\/\/www.jkgrp.de\/index.php?rest_route=%2Fwp%2Fv2%2Fmedia&parent=130"}],"curies":[{"name":"wp","href":"https:\/\/api.w.org\/{rel}","templated":true}]}}