{"id":124,"date":"2011-05-13T19:15:23","date_gmt":"2011-05-13T17:15:23","guid":{"rendered":"http:\/\/jkgrp.de\/?page_id=124"},"modified":"2013-03-03T10:10:54","modified_gmt":"2013-03-03T08:10:54","slug":"service-2","status":"publish","type":"page","link":"https:\/\/www.jkgrp.de\/?page_id=124","title":{"rendered":"Einrichtungen"},"content":{"rendered":"<p>In allen Gemeindeh\u00e4usern unserer Gemeinde finden zahlreiche Aktivit\u00e4ten f\u00fcr Sie statt: regelm\u00e4\u00dfige Sozialarbeit und reichhaltiges religi\u00f6ses, kulturelles und Freizeitangebot.<br \/>\nAuf folgenden Seiten k\u00f6nnen Sie sich informieren.<\/p>\n<p>\u00dcber unsere Gemeindeaktivit\u00e4ten erfahren Sie hier:<br \/>\n<a href=\"http:\/\/www.jkgrp.de\/?page_id=138\">Sozialarbeit<\/a><br \/>\n<a href=\"http:\/\/www.jkgrp.de\/?page_id=107\">Klubs<\/a><br \/>\n<a href=\"http:\/\/www.jkgrp.de\/?page_id=107#Jugend\">Jugendarbeit<\/a><br \/>\n<a href=\"http:\/\/www.jkgrp.de\/?p=2151\" title=\"Bibliothek\">Bibliothek<\/a><\/p>\n<p>F\u00fcr Informationen \u00fcber F\u00fchrungen in den Synagogen und Gemeindeh\u00e4usern, auf J\u00fcdischen Friedh\u00f6fen etc. kontaktieren Sie uns bitte <a href=\"http:\/\/www.jkgrp.de\/?page_id=1352\">\u00fcber dieses Kontaktformular<\/a><\/p>\n","protected":false},"excerpt":{"rendered":"<p>In allen Gemeindeh\u00e4usern unserer Gemeinde finden zahlreiche Aktivit\u00e4ten f\u00fcr Sie statt: regelm\u00e4\u00dfige Sozialarbeit und reichhaltiges religi\u00f6ses, kulturelles und Freizeitangebot. Auf folgenden Seiten k\u00f6nnen Sie sich informieren. \u00dcber unsere Gemeindeaktivit\u00e4ten erfahren Sie hier: Sozialarbeit Klubs Jugendarbeit Bibliothek F\u00fcr Informationen \u00fcber F\u00fchrungen in den Synagogen und Gemeindeh\u00e4usern, auf J\u00fcdischen Friedh\u00f6fen etc. kontaktieren Sie uns bitte \u00fcber dieses&#8230;<\/p>\n","protected":false},"author":1,"featured_media":0,"parent":0,"menu_order":0,"comment_status":"closed","ping_status":"closed","template":"page-nosidebar.php","meta":{"footnotes":""},"class_list":["post-124","page","type-page","status-publish","hentry"],"_links":{"self":[{"href":"https:\/\/www.jkgrp.de\/index.php?rest_route=\/wp\/v2\/pages\/124","targetHints":{"allow":["GET"]}}],"collection":[{"href":"https:\/\/www.jkgrp.de\/index.php?rest_route=\/wp\/v2\/pages"}],"about":[{"href":"https:\/\/www.jkgrp.de\/index.php?rest_route=\/wp\/v2\/types\/page"}],"author":[{"embeddable":true,"href":"https:\/\/www.jkgrp.de\/index.php?rest_route=\/wp\/v2\/users\/1"}],"replies":[{"embeddable":true,"href":"https:\/\/www.jkgrp.de\/index.php?rest_route=%2Fwp%2Fv2%2Fcomments&post=124"}],"version-history":[{"count":13,"href":"https:\/\/www.jkgrp.de\/index.php?rest_route=\/wp\/v2\/pages\/124\/revisions"}],"predecessor-version":[{"id":945,"href":"https:\/\/www.jkgrp.de\/index.php?rest_route=\/wp\/v2\/pages\/124\/revisions\/945"}],"wp:attachment":[{"href":"https:\/\/www.jkgrp.de\/index.php?rest_route=%2Fwp%2Fv2%2Fmedia&parent=124"}],"curies":[{"name":"wp","href":"https:\/\/api.w.org\/{rel}","templated":true}]}}